{"id":178,"date":"2022-11-29T16:16:55","date_gmt":"2022-11-29T15:16:55","guid":{"rendered":"https:\/\/tagung.dgska.de\/kontakt\/"},"modified":"2025-02-13T17:08:49","modified_gmt":"2025-02-13T16:08:49","slug":"kontakt","status":"publish","type":"page","link":"https:\/\/tagung.dgska.de\/en\/kontakt\/","title":{"rendered":"Contact us"},"content":{"rendered":"<p>[et_pb_section fb_built=&#8221;1&#8243; _builder_version=&#8221;4.27.3&#8243; background_color=&#8221;#009EE2&#8243; custom_padding=&#8221;0px||0px||true|false&#8221; global_module=&#8221;1998&#8243; saved_tabs=&#8221;all&#8221; locked=&#8221;off&#8221; global_colors_info=&#8221;{}&#8221;][et_pb_row _builder_version=&#8221;4.27.3&#8243; background_size=&#8221;initial&#8221; background_position=&#8221;top_left&#8221; background_repeat=&#8221;repeat&#8221; width=&#8221;95%&#8221; max_width=&#8221;95%&#8221; min_height=&#8221;40px&#8221; custom_padding=&#8221;0px||0px||true|false&#8221; collapsed=&#8221;off&#8221; global_colors_info=&#8221;{}&#8221;][et_pb_column type=&#8221;4_4&#8243; _builder_version=&#8221;4.16&#8243; custom_padding=&#8221;|||&#8221; global_colors_info=&#8221;{}&#8221; custom_padding__hover=&#8221;|||&#8221;][\/et_pb_column][\/et_pb_row][\/et_pb_section][et_pb_section fb_built=&#8221;1&#8243; _builder_version=&#8221;4.16&#8243; locked=&#8221;off&#8221; global_colors_info=&#8221;{}&#8221;][et_pb_row _builder_version=&#8221;4.19.1&#8243; background_size=&#8221;initial&#8221; background_position=&#8221;top_left&#8221; background_repeat=&#8221;repeat&#8221; global_colors_info=&#8221;{}&#8221;][et_pb_column type=&#8221;4_4&#8243; _builder_version=&#8221;4.19.1&#8243; custom_padding=&#8221;|||&#8221; global_colors_info=&#8221;{}&#8221; custom_padding__hover=&#8221;|||&#8221;][et_pb_text _builder_version=&#8221;4.19.1&#8243; _module_preset=&#8221;default&#8221; global_colors_info=&#8221;{}&#8221;]<\/p>\n<h1>Contact us<\/h1>\n<p>[\/et_pb_text][\/et_pb_column][\/et_pb_row][et_pb_row _builder_version=&#8221;4.19.1&#8243; background_size=&#8221;initial&#8221; background_position=&#8221;top_left&#8221; background_repeat=&#8221;repeat&#8221; global_colors_info=&#8221;{}&#8221;][et_pb_column type=&#8221;4_4&#8243; _builder_version=&#8221;4.16&#8243; custom_padding=&#8221;|||&#8221; global_colors_info=&#8221;{}&#8221; custom_padding__hover=&#8221;|||&#8221;][et_pb_text _builder_version=&#8221;4.27.3&#8243; _module_preset=&#8221;default&#8221; global_colors_info=&#8221;{}&#8221;]<\/p>\n<h2>Email<\/h2>\n<p><a href=\"mailto:dgska@nomadit.co.uk\">dgska@nomadit.co.uk<\/a><\/p>\n<p>&nbsp;<\/p>\n<h2>Postal address:<\/h2>\n<p>Deutsche Gesellschaft f\u00fcr Sozial- und Kulturanthropologie e.V.<br \/>c\/o Institut f\u00fcr Ethnologie<br \/>Universit\u00e4t zu K\u00f6ln<br \/>Hauptgeb\u00e4ude \/ Bauteil 6<br \/>Albertus-Magnus-Platz 1<br \/>50923 K\u00f6ln<\/p>\n<p>[\/et_pb_text][\/et_pb_column][\/et_pb_row][\/et_pb_section]<\/p>\n","protected":false},"excerpt":{"rendered":"<p>Contact usEmail dgska@nomadit.co.uk &nbsp; Postal address: Deutsche Gesellschaft f\u00fcr Sozial- und Kulturanthropologie e.V.c\/o Institut f\u00fcr EthnologieUniversit\u00e4t zu K\u00f6lnHauptgeb\u00e4ude \/ Bauteil 6Albertus-Magnus-Platz 150923 K\u00f6ln<\/p>\n","protected":false},"author":1,"featured_media":0,"parent":0,"menu_order":0,"comment_status":"closed","ping_status":"closed","template":"","meta":{"_et_pb_use_builder":"on","_et_pb_old_content":"","_et_gb_content_width":"","footnotes":""},"class_list":["post-178","page","type-page","status-publish","hentry"],"_links":{"self":[{"href":"https:\/\/tagung.dgska.de\/en\/wp-json\/wp\/v2\/pages\/178","targetHints":{"allow":["GET"]}}],"collection":[{"href":"https:\/\/tagung.dgska.de\/en\/wp-json\/wp\/v2\/pages"}],"about":[{"href":"https:\/\/tagung.dgska.de\/en\/wp-json\/wp\/v2\/types\/page"}],"author":[{"embeddable":true,"href":"https:\/\/tagung.dgska.de\/en\/wp-json\/wp\/v2\/users\/1"}],"replies":[{"embeddable":true,"href":"https:\/\/tagung.dgska.de\/en\/wp-json\/wp\/v2\/comments?post=178"}],"version-history":[{"count":18,"href":"https:\/\/tagung.dgska.de\/en\/wp-json\/wp\/v2\/pages\/178\/revisions"}],"predecessor-version":[{"id":2541,"href":"https:\/\/tagung.dgska.de\/en\/wp-json\/wp\/v2\/pages\/178\/revisions\/2541"}],"wp:attachment":[{"href":"https:\/\/tagung.dgska.de\/en\/wp-json\/wp\/v2\/media?parent=178"}],"curies":[{"name":"wp","href":"https:\/\/api.w.org\/{rel}","templated":true}]}}